{"id":351,"date":"2025-09-10T14:47:39","date_gmt":"2025-09-10T14:47:39","guid":{"rendered":"https:\/\/amaliaeyewear.com\/?post_type=product&#038;p=351"},"modified":"2025-09-10T14:47:44","modified_gmt":"2025-09-10T14:47:44","slug":"am-1048","status":"publish","type":"product","link":"https:\/\/amaliaeyewear.com\/en\/product\/am-1048\/","title":{"rendered":"AM 1048"},"content":{"rendered":"<p>CLASSIC GLASSES \u2013 For Women.<br \/>\nType of Glasses: Full Frame.<br \/>\nFrame made of acetate. Available in two colors.<br \/>\nSize: 52-18-140<\/p>","protected":false},"excerpt":{"rendered":"<p>Type of Glasses: Full Frame.<br \/>\nFrame made of acetate. Available in two colors.<\/p>","protected":false},"featured_media":188,"comment_status":"closed","ping_status":"closed","template":"","meta":{"site-sidebar-layout":"default","site-content-layout":"","ast-site-content-layout":"default","site-content-style":"default","site-sidebar-style":"default","ast-global-header-display":"","ast-banner-title-visibility":"","ast-main-header-display":"","ast-hfb-above-header-display":"","ast-hfb-below-header-display":"","ast-hfb-mobile-header-display":"","site-post-title":"","ast-breadcrumbs-content":"","ast-featured-img":"","footer-sml-layout":"","ast-disable-related-posts":"","theme-transparent-header-meta":"","adv-header-id-meta":"","stick-header-meta":"","header-above-stick-meta":"","header-main-stick-meta":"","header-below-stick-meta":"","astra-migrate-meta-layouts":"default","ast-page-background-enabled":"default","ast-page-background-meta":{"desktop":{"background-color":"var(--ast-global-color-5)","background-image":"","background-repeat":"repeat","background-position":"center center","background-size":"auto","background-attachment":"scroll","background-type":"","background-media":"","overlay-type":"","overlay-color":"","overlay-opacity":"","overlay-gradient":""},"tablet":{"background-color":"","background-image":"","background-repeat":"repeat","background-position":"center center","background-size":"auto","background-attachment":"scroll","background-type":"","background-media":"","overlay-type":"","overlay-color":"","overlay-opacity":"","overlay-gradient":""},"mobile":{"background-color":"","background-image":"","background-repeat":"repeat","background-position":"center center","background-size":"auto","background-attachment":"scroll","background-type":"","background-media":"","overlay-type":"","overlay-color":"","overlay-opacity":"","overlay-gradient":""}},"ast-content-background-meta":{"desktop":{"background-color":"var(--ast-global-color-4)","background-image":"","background-repeat":"repeat","background-position":"center center","background-size":"auto","background-attachment":"scroll","background-type":"","background-media":"","overlay-type":"","overlay-color":"","overlay-opacity":"","overlay-gradient":""},"tablet":{"background-color":"var(--ast-global-color-4)","background-image":"","background-repeat":"repeat","background-position":"center center","background-size":"auto","background-attachment":"scroll","background-type":"","background-media":"","overlay-type":"","overlay-color":"","overlay-opacity":"","overlay-gradient":""},"mobile":{"background-color":"var(--ast-global-color-4)","background-image":"","background-repeat":"repeat","background-position":"center center","background-size":"auto","background-attachment":"scroll","background-type":"","background-media":"","overlay-type":"","overlay-color":"","overlay-opacity":"","overlay-gradient":""}}},"product_brand":[],"product_cat":[19,18],"product_tag":[],"class_list":{"0":"post-351","1":"product","2":"type-product","3":"status-publish","4":"has-post-thumbnail","6":"product_cat-acetato","7":"product_cat-armacoes","8":"desktop-align-center","9":"tablet-align-center","10":"mobile-align-center","12":"first","13":"instock","14":"shipping-taxable","15":"purchasable","16":"product-type-variable"},"yoast_head":"<!-- This site is optimized with the Yoast SEO plugin v27.4 - https:\/\/yoast.com\/product\/yoast-seo-wordpress\/ -->\n<title>AM 1048 - Am\u00e1lia Eyewear<\/title>\n<meta name=\"robots\" content=\"index, follow, max-snippet:-1, max-image-preview:large, max-video-preview:-1\" \/>\n<link rel=\"canonical\" href=\"https:\/\/amaliaeyewear.com\/en\/product\/am-1048\/\" \/>\n<meta property=\"og:locale\" content=\"en_GB\" \/>\n<meta property=\"og:type\" content=\"article\" \/>\n<meta property=\"og:title\" content=\"AM 1048 - Am\u00e1lia Eyewear\" \/>\n<meta property=\"og:description\" content=\"Tipo de \u00d3culos: Arma\u00e7\u00e3o completa. Arma\u00e7\u00e3o produzida em acetato. Dispon\u00edvel em duas cores.\" \/>\n<meta property=\"og:url\" content=\"https:\/\/amaliaeyewear.com\/en\/product\/am-1048\/\" \/>\n<meta property=\"og:site_name\" content=\"Am\u00e1lia Eyewear\" \/>\n<meta property=\"article:modified_time\" content=\"2025-09-10T14:47:44+00:00\" \/>\n<meta name=\"twitter:card\" content=\"summary_large_image\" \/>\n<script type=\"application\/ld+json\" class=\"yoast-schema-graph\">{\"@context\":\"https:\\\/\\\/schema.org\",\"@graph\":[{\"@type\":\"WebPage\",\"@id\":\"https:\\\/\\\/amaliaeyewear.com\\\/produto\\\/am-1048\\\/\",\"url\":\"https:\\\/\\\/amaliaeyewear.com\\\/produto\\\/am-1048\\\/\",\"name\":\"AM 1048 - Am\u00e1lia Eyewear\",\"isPartOf\":{\"@id\":\"https:\\\/\\\/amaliaeyewear.com\\\/#website\"},\"primaryImageOfPage\":{\"@id\":\"https:\\\/\\\/amaliaeyewear.com\\\/produto\\\/am-1048\\\/#primaryimage\"},\"image\":{\"@id\":\"https:\\\/\\\/amaliaeyewear.com\\\/produto\\\/am-1048\\\/#primaryimage\"},\"thumbnailUrl\":\"https:\\\/\\\/amaliaeyewear.com\\\/wp-content\\\/uploads\\\/2025\\\/09\\\/AMM00001048DEMI52.jpg\",\"datePublished\":\"2025-09-10T14:47:39+00:00\",\"dateModified\":\"2025-09-10T14:47:44+00:00\",\"breadcrumb\":{\"@id\":\"https:\\\/\\\/amaliaeyewear.com\\\/produto\\\/am-1048\\\/#breadcrumb\"},\"inLanguage\":\"en-GB\",\"potentialAction\":[{\"@type\":\"ReadAction\",\"target\":[\"https:\\\/\\\/amaliaeyewear.com\\\/produto\\\/am-1048\\\/\"]}]},{\"@type\":\"ImageObject\",\"inLanguage\":\"en-GB\",\"@id\":\"https:\\\/\\\/amaliaeyewear.com\\\/produto\\\/am-1048\\\/#primaryimage\",\"url\":\"https:\\\/\\\/amaliaeyewear.com\\\/wp-content\\\/uploads\\\/2025\\\/09\\\/AMM00001048DEMI52.jpg\",\"contentUrl\":\"https:\\\/\\\/amaliaeyewear.com\\\/wp-content\\\/uploads\\\/2025\\\/09\\\/AMM00001048DEMI52.jpg\",\"width\":1794,\"height\":1794},{\"@type\":\"BreadcrumbList\",\"@id\":\"https:\\\/\\\/amaliaeyewear.com\\\/produto\\\/am-1048\\\/#breadcrumb\",\"itemListElement\":[{\"@type\":\"ListItem\",\"position\":1,\"name\":\"In\u00edcio\",\"item\":\"https:\\\/\\\/amaliaeyewear.com\\\/\"},{\"@type\":\"ListItem\",\"position\":2,\"name\":\"Loja\",\"item\":\"https:\\\/\\\/amaliaeyewear.com\\\/loja\\\/\"},{\"@type\":\"ListItem\",\"position\":3,\"name\":\"AM 1048\"}]},{\"@type\":\"WebSite\",\"@id\":\"https:\\\/\\\/amaliaeyewear.com\\\/#website\",\"url\":\"https:\\\/\\\/amaliaeyewear.com\\\/\",\"name\":\"Am\u00e1lia Eyewear\",\"description\":\"\",\"publisher\":{\"@id\":\"https:\\\/\\\/amaliaeyewear.com\\\/#organization\"},\"potentialAction\":[{\"@type\":\"SearchAction\",\"target\":{\"@type\":\"EntryPoint\",\"urlTemplate\":\"https:\\\/\\\/amaliaeyewear.com\\\/?s={search_term_string}\"},\"query-input\":{\"@type\":\"PropertyValueSpecification\",\"valueRequired\":true,\"valueName\":\"search_term_string\"}}],\"inLanguage\":\"en-GB\"},{\"@type\":\"Organization\",\"@id\":\"https:\\\/\\\/amaliaeyewear.com\\\/#organization\",\"name\":\"Am\u00e1lia Eyewear\",\"url\":\"https:\\\/\\\/amaliaeyewear.com\\\/\",\"logo\":{\"@type\":\"ImageObject\",\"inLanguage\":\"en-GB\",\"@id\":\"https:\\\/\\\/amaliaeyewear.com\\\/#\\\/schema\\\/logo\\\/image\\\/\",\"url\":\"https:\\\/\\\/amaliaeyewear.com\\\/wp-content\\\/uploads\\\/2025\\\/09\\\/logo-am-oti.png\",\"contentUrl\":\"https:\\\/\\\/amaliaeyewear.com\\\/wp-content\\\/uploads\\\/2025\\\/09\\\/logo-am-oti.png\",\"width\":340,\"height\":175,\"caption\":\"Am\u00e1lia Eyewear\"},\"image\":{\"@id\":\"https:\\\/\\\/amaliaeyewear.com\\\/#\\\/schema\\\/logo\\\/image\\\/\"}}]}<\/script>\n<!-- \/ Yoast SEO plugin. -->","yoast_head_json":{"title":"AM 1048 - Am\u00e1lia Eyewear","robots":{"index":"index","follow":"follow","max-snippet":"max-snippet:-1","max-image-preview":"max-image-preview:large","max-video-preview":"max-video-preview:-1"},"canonical":"https:\/\/amaliaeyewear.com\/en\/product\/am-1048\/","og_locale":"en_GB","og_type":"article","og_title":"AM 1048 - Am\u00e1lia Eyewear","og_description":"Tipo de \u00d3culos: Arma\u00e7\u00e3o completa. Arma\u00e7\u00e3o produzida em acetato. Dispon\u00edvel em duas cores.","og_url":"https:\/\/amaliaeyewear.com\/en\/product\/am-1048\/","og_site_name":"Am\u00e1lia Eyewear","article_modified_time":"2025-09-10T14:47:44+00:00","twitter_card":"summary_large_image","schema":{"@context":"https:\/\/schema.org","@graph":[{"@type":"WebPage","@id":"https:\/\/amaliaeyewear.com\/produto\/am-1048\/","url":"https:\/\/amaliaeyewear.com\/produto\/am-1048\/","name":"AM 1048 - Am\u00e1lia Eyewear","isPartOf":{"@id":"https:\/\/amaliaeyewear.com\/#website"},"primaryImageOfPage":{"@id":"https:\/\/amaliaeyewear.com\/produto\/am-1048\/#primaryimage"},"image":{"@id":"https:\/\/amaliaeyewear.com\/produto\/am-1048\/#primaryimage"},"thumbnailUrl":"https:\/\/amaliaeyewear.com\/wp-content\/uploads\/2025\/09\/AMM00001048DEMI52.jpg","datePublished":"2025-09-10T14:47:39+00:00","dateModified":"2025-09-10T14:47:44+00:00","breadcrumb":{"@id":"https:\/\/amaliaeyewear.com\/produto\/am-1048\/#breadcrumb"},"inLanguage":"en-GB","potentialAction":[{"@type":"ReadAction","target":["https:\/\/amaliaeyewear.com\/produto\/am-1048\/"]}]},{"@type":"ImageObject","inLanguage":"en-GB","@id":"https:\/\/amaliaeyewear.com\/produto\/am-1048\/#primaryimage","url":"https:\/\/amaliaeyewear.com\/wp-content\/uploads\/2025\/09\/AMM00001048DEMI52.jpg","contentUrl":"https:\/\/amaliaeyewear.com\/wp-content\/uploads\/2025\/09\/AMM00001048DEMI52.jpg","width":1794,"height":1794},{"@type":"BreadcrumbList","@id":"https:\/\/amaliaeyewear.com\/produto\/am-1048\/#breadcrumb","itemListElement":[{"@type":"ListItem","position":1,"name":"In\u00edcio","item":"https:\/\/amaliaeyewear.com\/"},{"@type":"ListItem","position":2,"name":"Loja","item":"https:\/\/amaliaeyewear.com\/loja\/"},{"@type":"ListItem","position":3,"name":"AM 1048"}]},{"@type":"WebSite","@id":"https:\/\/amaliaeyewear.com\/#website","url":"https:\/\/amaliaeyewear.com\/","name":"Am\u00e1lia Eyewear","description":"","publisher":{"@id":"https:\/\/amaliaeyewear.com\/#organization"},"potentialAction":[{"@type":"SearchAction","target":{"@type":"EntryPoint","urlTemplate":"https:\/\/amaliaeyewear.com\/?s={search_term_string}"},"query-input":{"@type":"PropertyValueSpecification","valueRequired":true,"valueName":"search_term_string"}}],"inLanguage":"en-GB"},{"@type":"Organization","@id":"https:\/\/amaliaeyewear.com\/#organization","name":"Am\u00e1lia Eyewear","url":"https:\/\/amaliaeyewear.com\/","logo":{"@type":"ImageObject","inLanguage":"en-GB","@id":"https:\/\/amaliaeyewear.com\/#\/schema\/logo\/image\/","url":"https:\/\/amaliaeyewear.com\/wp-content\/uploads\/2025\/09\/logo-am-oti.png","contentUrl":"https:\/\/amaliaeyewear.com\/wp-content\/uploads\/2025\/09\/logo-am-oti.png","width":340,"height":175,"caption":"Am\u00e1lia Eyewear"},"image":{"@id":"https:\/\/amaliaeyewear.com\/#\/schema\/logo\/image\/"}}]}},"_links":{"self":[{"href":"https:\/\/amaliaeyewear.com\/en\/wp-json\/wp\/v2\/product\/351","targetHints":{"allow":["GET"]}}],"collection":[{"href":"https:\/\/amaliaeyewear.com\/en\/wp-json\/wp\/v2\/product"}],"about":[{"href":"https:\/\/amaliaeyewear.com\/en\/wp-json\/wp\/v2\/types\/product"}],"replies":[{"embeddable":true,"href":"https:\/\/amaliaeyewear.com\/en\/wp-json\/wp\/v2\/comments?post=351"}],"wp:featuredmedia":[{"embeddable":true,"href":"https:\/\/amaliaeyewear.com\/en\/wp-json\/wp\/v2\/media\/188"}],"wp:attachment":[{"href":"https:\/\/amaliaeyewear.com\/en\/wp-json\/wp\/v2\/media?parent=351"}],"wp:term":[{"taxonomy":"product_brand","embeddable":true,"href":"https:\/\/amaliaeyewear.com\/en\/wp-json\/wp\/v2\/product_brand?post=351"},{"taxonomy":"product_cat","embeddable":true,"href":"https:\/\/amaliaeyewear.com\/en\/wp-json\/wp\/v2\/product_cat?post=351"},{"taxonomy":"product_tag","embeddable":true,"href":"https:\/\/amaliaeyewear.com\/en\/wp-json\/wp\/v2\/product_tag?post=351"}],"curies":[{"name":"wp","href":"https:\/\/api.w.org\/{rel}","templated":true}]}}